{"id":17790,"date":"2024-03-28T11:20:08","date_gmt":"2024-03-28T14:20:08","guid":{"rendered":"https:\/\/www.jirauenergia.com.br\/?page_id=17790"},"modified":"2026-03-16T17:02:12","modified_gmt":"2026-03-16T20:02:12","slug":"informacoes-financeiras","status":"publish","type":"page","link":"https:\/\/www.jirauenergia.com.br\/en\/informacoes-financeiras\/","title":{"rendered":"Relat\u00f3rios de Transpar\u00eancia &#8211; Informa\u00e7\u00f5es Financeiras"},"content":{"rendered":"<div data-elementor-type=\"wp-page\" data-elementor-id=\"17790\" class=\"elementor elementor-17790\" data-elementor-post-type=\"page\">\n\t\t\t\t\t\t<section class=\"elementor-section elementor-top-section elementor-element elementor-element-e5e229c elementor-section-boxed elementor-section-height-default elementor-section-height-default\" data-id=\"e5e229c\" data-element_type=\"section\">\n\t\t\t\t\t\t<div class=\"elementor-container elementor-column-gap-default\">\n\t\t\t\t\t<div class=\"elementor-column elementor-col-100 elementor-top-column elementor-element elementor-element-37d0f35\" data-id=\"37d0f35\" data-element_type=\"column\">\n\t\t\t<div class=\"elementor-widget-wrap elementor-element-populated\">\n\t\t\t\t\t\t<div class=\"elementor-element elementor-element-47d10ab elementor-align-left btn-purple elementor-widget__width-auto elementor-widget elementor-widget-button\" data-id=\"47d10ab\" data-element_type=\"widget\" data-settings=\"{&quot;_animation_mobile&quot;:&quot;fadeIn&quot;}\" data-widget_type=\"button.default\">\n\t\t\t\t<div class=\"elementor-widget-container\">\n\t\t\t\t\t\t\t\t\t<div class=\"elementor-button-wrapper\">\n\t\t\t\t\t<a class=\"elementor-button elementor-button-link elementor-size-sm\" href=\"\/en\/relatorios\/\">\n\t\t\t\t\t\t<span class=\"elementor-button-content-wrapper\">\n\t\t\t\t\t\t<span class=\"elementor-button-icon\">\n\t\t\t\t<i aria-hidden=\"true\" class=\"fas fa-arrow-left\"><\/i>\t\t\t<\/span>\n\t\t\t\t\t\t\t\t\t<span class=\"elementor-button-text\">VOltar<\/span>\n\t\t\t\t\t<\/span>\n\t\t\t\t\t<\/a>\n\t\t\t\t<\/div>\n\t\t\t\t\t\t\t\t<\/div>\n\t\t\t\t<\/div>\n\t\t\t\t<div class=\"elementor-element elementor-element-172b558 animated-fast elementor-widget__width-initial elementor-invisible elementor-widget elementor-widget-heading\" data-id=\"172b558\" data-element_type=\"widget\" data-settings=\"{&quot;_animation&quot;:&quot;fadeInDown&quot;}\" data-widget_type=\"heading.default\">\n\t\t\t\t<div class=\"elementor-widget-container\">\n\t\t\t\t\t<h2 class=\"elementor-heading-title elementor-size-default\"><span style=\"font-size:inherit\">Informa\u00e7\u00f5es Financeiras<\/span><\/h2>\t\t\t\t<\/div>\n\t\t\t\t<\/div>\n\t\t\t\t<section class=\"elementor-section elementor-inner-section elementor-element elementor-element-9bb23fb elementor-section-boxed elementor-section-height-default elementor-section-height-default\" data-id=\"9bb23fb\" data-element_type=\"section\">\n\t\t\t\t\t\t<div class=\"elementor-container elementor-column-gap-default\">\n\t\t\t\t\t<div class=\"elementor-column elementor-col-50 elementor-inner-column elementor-element elementor-element-5b3e2f0\" data-id=\"5b3e2f0\" data-element_type=\"column\">\n\t\t\t<div class=\"elementor-widget-wrap\">\n\t\t\t\t\t\t\t<\/div>\n\t\t<\/div>\n\t\t\t\t<div class=\"elementor-column elementor-col-50 elementor-inner-column elementor-element elementor-element-1fafedb\" data-id=\"1fafedb\" data-element_type=\"column\">\n\t\t\t<div class=\"elementor-widget-wrap elementor-element-populated\">\n\t\t\t\t\t\t<div class=\"elementor-element elementor-element-06059e8 btn-doc elementor-align-left elementor-mobile-align-left animated-fast elementor-invisible elementor-widget elementor-widget-button\" data-id=\"06059e8\" data-element_type=\"widget\" data-settings=\"{&quot;_animation&quot;:&quot;fadeInRight&quot;,&quot;_animation_delay&quot;:0}\" data-widget_type=\"button.default\">\n\t\t\t\t<div class=\"elementor-widget-container\">\n\t\t\t\t\t\t\t\t\t<div class=\"elementor-button-wrapper\">\n\t\t\t\t\t<a class=\"elementor-button elementor-button-link elementor-size-sm\" href=\"https:\/\/www.jirauenergia.com.br\/wp-content\/uploads\/2026\/03\/DF-JIRAU-ENERGIA-31.12.2025-1.pdf\" target=\"_blank\">\n\t\t\t\t\t\t<span class=\"elementor-button-content-wrapper\">\n\t\t\t\t\t\t<span class=\"elementor-button-icon\">\n\t\t\t\t<svg xmlns=\"http:\/\/www.w3.org\/2000\/svg\" width=\"30\" height=\"30\" viewbox=\"0 0 30 30\" fill=\"none\"><path d=\"M29 19.6667V25.8889C29 26.714 28.6722 27.5053 28.0888 28.0888C27.5053 28.6722 26.714 29 25.8889 29H4.11111C3.28599 29 2.49467 28.6722 1.91122 28.0888C1.32778 27.5053 1 26.714 1 25.8889V19.6667\" stroke=\"#4B4B96\" stroke-width=\"2\" stroke-linecap=\"round\" stroke-linejoin=\"round\"><\/path><path d=\"M7.22168 11.8888L14.9995 19.6666L22.7772 11.8888\" stroke=\"#4B4B96\" stroke-width=\"2\" stroke-linecap=\"round\" stroke-linejoin=\"round\"><\/path><path d=\"M15 19.6667V1\" stroke=\"#4B4B96\" stroke-width=\"2\" stroke-linecap=\"round\" stroke-linejoin=\"round\"><\/path><\/svg>\t\t\t<\/span>\n\t\t\t\t\t\t\t\t\t<span class=\"elementor-button-text\">Demonstra\u00e7\u00f5es Financeiras 2025<\/span>\n\t\t\t\t\t<\/span>\n\t\t\t\t\t<\/a>\n\t\t\t\t<\/div>\n\t\t\t\t\t\t\t\t<\/div>\n\t\t\t\t<\/div>\n\t\t\t\t<div class=\"elementor-element elementor-element-930aca5 btn-doc elementor-align-left elementor-mobile-align-left animated-fast elementor-invisible elementor-widget elementor-widget-button\" data-id=\"930aca5\" data-element_type=\"widget\" data-settings=\"{&quot;_animation&quot;:&quot;fadeInRight&quot;,&quot;_animation_delay&quot;:0}\" data-widget_type=\"button.default\">\n\t\t\t\t<div class=\"elementor-widget-container\">\n\t\t\t\t\t\t\t\t\t<div class=\"elementor-button-wrapper\">\n\t\t\t\t\t<a class=\"elementor-button elementor-button-link elementor-size-sm\" href=\"https:\/\/www.jirauenergia.com.br\/wp-content\/uploads\/2026\/03\/Relatorio-Anual-da-Administracao-2025_assinado-1.pdf\" target=\"_blank\">\n\t\t\t\t\t\t<span class=\"elementor-button-content-wrapper\">\n\t\t\t\t\t\t<span class=\"elementor-button-icon\">\n\t\t\t\t<svg xmlns=\"http:\/\/www.w3.org\/2000\/svg\" width=\"30\" height=\"30\" viewbox=\"0 0 30 30\" fill=\"none\"><path d=\"M29 19.6667V25.8889C29 26.714 28.6722 27.5053 28.0888 28.0888C27.5053 28.6722 26.714 29 25.8889 29H4.11111C3.28599 29 2.49467 28.6722 1.91122 28.0888C1.32778 27.5053 1 26.714 1 25.8889V19.6667\" stroke=\"#4B4B96\" stroke-width=\"2\" stroke-linecap=\"round\" stroke-linejoin=\"round\"><\/path><path d=\"M7.22168 11.8888L14.9995 19.6666L22.7772 11.8888\" stroke=\"#4B4B96\" stroke-width=\"2\" stroke-linecap=\"round\" stroke-linejoin=\"round\"><\/path><path d=\"M15 19.6667V1\" stroke=\"#4B4B96\" stroke-width=\"2\" stroke-linecap=\"round\" stroke-linejoin=\"round\"><\/path><\/svg>\t\t\t<\/span>\n\t\t\t\t\t\t\t\t\t<span class=\"elementor-button-text\">Relat\u00f3rio Anual da Administra\u00e7\u00e3o 2025<\/span>\n\t\t\t\t\t<\/span>\n\t\t\t\t\t<\/a>\n\t\t\t\t<\/div>\n\t\t\t\t\t\t\t\t<\/div>\n\t\t\t\t<\/div>\n\t\t\t\t<div class=\"elementor-element elementor-element-1df66bb btn-doc elementor-align-left elementor-mobile-align-left animated-fast elementor-invisible elementor-widget elementor-widget-button\" data-id=\"1df66bb\" data-element_type=\"widget\" data-settings=\"{&quot;_animation&quot;:&quot;fadeInRight&quot;,&quot;_animation_delay&quot;:0}\" data-widget_type=\"button.default\">\n\t\t\t\t<div class=\"elementor-widget-container\">\n\t\t\t\t\t\t\t\t\t<div class=\"elementor-button-wrapper\">\n\t\t\t\t\t<a class=\"elementor-button elementor-button-link elementor-size-sm\" href=\"https:\/\/www.jirauenergia.com.br\/wp-content\/uploads\/2025\/02\/DF-Jirau-Energia-2024-1.pdf\" target=\"_blank\">\n\t\t\t\t\t\t<span class=\"elementor-button-content-wrapper\">\n\t\t\t\t\t\t<span class=\"elementor-button-icon\">\n\t\t\t\t<svg xmlns=\"http:\/\/www.w3.org\/2000\/svg\" width=\"30\" height=\"30\" viewbox=\"0 0 30 30\" fill=\"none\"><path d=\"M29 19.6667V25.8889C29 26.714 28.6722 27.5053 28.0888 28.0888C27.5053 28.6722 26.714 29 25.8889 29H4.11111C3.28599 29 2.49467 28.6722 1.91122 28.0888C1.32778 27.5053 1 26.714 1 25.8889V19.6667\" stroke=\"#4B4B96\" stroke-width=\"2\" stroke-linecap=\"round\" stroke-linejoin=\"round\"><\/path><path d=\"M7.22168 11.8888L14.9995 19.6666L22.7772 11.8888\" stroke=\"#4B4B96\" stroke-width=\"2\" stroke-linecap=\"round\" stroke-linejoin=\"round\"><\/path><path d=\"M15 19.6667V1\" stroke=\"#4B4B96\" stroke-width=\"2\" stroke-linecap=\"round\" stroke-linejoin=\"round\"><\/path><\/svg>\t\t\t<\/span>\n\t\t\t\t\t\t\t\t\t<span class=\"elementor-button-text\">Demonstra\u00e7\u00f5es Financeiras 2024<\/span>\n\t\t\t\t\t<\/span>\n\t\t\t\t\t<\/a>\n\t\t\t\t<\/div>\n\t\t\t\t\t\t\t\t<\/div>\n\t\t\t\t<\/div>\n\t\t\t\t<div class=\"elementor-element elementor-element-ff4cde1 btn-doc elementor-align-left elementor-mobile-align-left animated-fast elementor-invisible elementor-widget elementor-widget-button\" data-id=\"ff4cde1\" data-element_type=\"widget\" data-settings=\"{&quot;_animation&quot;:&quot;fadeInRight&quot;,&quot;_animation_delay&quot;:0}\" data-widget_type=\"button.default\">\n\t\t\t\t<div class=\"elementor-widget-container\">\n\t\t\t\t\t\t\t\t\t<div class=\"elementor-button-wrapper\">\n\t\t\t\t\t<a class=\"elementor-button elementor-button-link elementor-size-sm\" href=\"https:\/\/www.jirauenergia.com.br\/wp-content\/uploads\/2025\/04\/JIRAU-ENERGIA_RELATORIO-DA-ADMINISTRACAO-2024_vf.pdf\" target=\"_blank\">\n\t\t\t\t\t\t<span class=\"elementor-button-content-wrapper\">\n\t\t\t\t\t\t<span class=\"elementor-button-icon\">\n\t\t\t\t<svg xmlns=\"http:\/\/www.w3.org\/2000\/svg\" width=\"30\" height=\"30\" viewbox=\"0 0 30 30\" fill=\"none\"><path d=\"M29 19.6667V25.8889C29 26.714 28.6722 27.5053 28.0888 28.0888C27.5053 28.6722 26.714 29 25.8889 29H4.11111C3.28599 29 2.49467 28.6722 1.91122 28.0888C1.32778 27.5053 1 26.714 1 25.8889V19.6667\" stroke=\"#4B4B96\" stroke-width=\"2\" stroke-linecap=\"round\" stroke-linejoin=\"round\"><\/path><path d=\"M7.22168 11.8888L14.9995 19.6666L22.7772 11.8888\" stroke=\"#4B4B96\" stroke-width=\"2\" stroke-linecap=\"round\" stroke-linejoin=\"round\"><\/path><path d=\"M15 19.6667V1\" stroke=\"#4B4B96\" stroke-width=\"2\" stroke-linecap=\"round\" stroke-linejoin=\"round\"><\/path><\/svg>\t\t\t<\/span>\n\t\t\t\t\t\t\t\t\t<span class=\"elementor-button-text\">Relat\u00f3rio Anual da Administra\u00e7\u00e3o 2024<\/span>\n\t\t\t\t\t<\/span>\n\t\t\t\t\t<\/a>\n\t\t\t\t<\/div>\n\t\t\t\t\t\t\t\t<\/div>\n\t\t\t\t<\/div>\n\t\t\t\t<div class=\"elementor-element elementor-element-8f5b06b btn-doc elementor-align-left elementor-mobile-align-left animated-fast elementor-invisible elementor-widget elementor-widget-button\" data-id=\"8f5b06b\" data-element_type=\"widget\" data-settings=\"{&quot;_animation&quot;:&quot;fadeInRight&quot;,&quot;_animation_delay&quot;:0}\" data-widget_type=\"button.default\">\n\t\t\t\t<div class=\"elementor-widget-container\">\n\t\t\t\t\t\t\t\t\t<div class=\"elementor-button-wrapper\">\n\t\t\t\t\t<a class=\"elementor-button elementor-button-link elementor-size-sm\" href=\"https:\/\/www.jirauenergia.com.br\/wp-content\/uploads\/2024\/03\/Demonstracoes-Financeiras-2023.pdf\" target=\"_blank\">\n\t\t\t\t\t\t<span class=\"elementor-button-content-wrapper\">\n\t\t\t\t\t\t<span class=\"elementor-button-icon\">\n\t\t\t\t<svg xmlns=\"http:\/\/www.w3.org\/2000\/svg\" width=\"30\" height=\"30\" viewbox=\"0 0 30 30\" fill=\"none\"><path d=\"M29 19.6667V25.8889C29 26.714 28.6722 27.5053 28.0888 28.0888C27.5053 28.6722 26.714 29 25.8889 29H4.11111C3.28599 29 2.49467 28.6722 1.91122 28.0888C1.32778 27.5053 1 26.714 1 25.8889V19.6667\" stroke=\"#4B4B96\" stroke-width=\"2\" stroke-linecap=\"round\" stroke-linejoin=\"round\"><\/path><path d=\"M7.22168 11.8888L14.9995 19.6666L22.7772 11.8888\" stroke=\"#4B4B96\" stroke-width=\"2\" stroke-linecap=\"round\" stroke-linejoin=\"round\"><\/path><path d=\"M15 19.6667V1\" stroke=\"#4B4B96\" stroke-width=\"2\" stroke-linecap=\"round\" stroke-linejoin=\"round\"><\/path><\/svg>\t\t\t<\/span>\n\t\t\t\t\t\t\t\t\t<span class=\"elementor-button-text\">Demonstra\u00e7\u00f5es Financeiras 2023<\/span>\n\t\t\t\t\t<\/span>\n\t\t\t\t\t<\/a>\n\t\t\t\t<\/div>\n\t\t\t\t\t\t\t\t<\/div>\n\t\t\t\t<\/div>\n\t\t\t\t<div class=\"elementor-element elementor-element-eefb96b btn-doc elementor-align-left elementor-mobile-align-left animated-fast elementor-invisible elementor-widget elementor-widget-button\" data-id=\"eefb96b\" data-element_type=\"widget\" data-settings=\"{&quot;_animation&quot;:&quot;fadeInRight&quot;,&quot;_animation_delay&quot;:0}\" data-widget_type=\"button.default\">\n\t\t\t\t<div class=\"elementor-widget-container\">\n\t\t\t\t\t\t\t\t\t<div class=\"elementor-button-wrapper\">\n\t\t\t\t\t<a class=\"elementor-button elementor-button-link elementor-size-sm\" href=\"https:\/\/www.jirauenergia.com.br\/wp-content\/uploads\/2024\/03\/Relatorio-Anual-da-Administracao-2023-assinado.pdf\" target=\"_blank\">\n\t\t\t\t\t\t<span class=\"elementor-button-content-wrapper\">\n\t\t\t\t\t\t<span class=\"elementor-button-icon\">\n\t\t\t\t<svg xmlns=\"http:\/\/www.w3.org\/2000\/svg\" width=\"30\" height=\"30\" viewbox=\"0 0 30 30\" fill=\"none\"><path d=\"M29 19.6667V25.8889C29 26.714 28.6722 27.5053 28.0888 28.0888C27.5053 28.6722 26.714 29 25.8889 29H4.11111C3.28599 29 2.49467 28.6722 1.91122 28.0888C1.32778 27.5053 1 26.714 1 25.8889V19.6667\" stroke=\"#4B4B96\" stroke-width=\"2\" stroke-linecap=\"round\" stroke-linejoin=\"round\"><\/path><path d=\"M7.22168 11.8888L14.9995 19.6666L22.7772 11.8888\" stroke=\"#4B4B96\" stroke-width=\"2\" stroke-linecap=\"round\" stroke-linejoin=\"round\"><\/path><path d=\"M15 19.6667V1\" stroke=\"#4B4B96\" stroke-width=\"2\" stroke-linecap=\"round\" stroke-linejoin=\"round\"><\/path><\/svg>\t\t\t<\/span>\n\t\t\t\t\t\t\t\t\t<span class=\"elementor-button-text\">Relat\u00f3rio Anual da Administra\u00e7\u00e3o 2023<\/span>\n\t\t\t\t\t<\/span>\n\t\t\t\t\t<\/a>\n\t\t\t\t<\/div>\n\t\t\t\t\t\t\t\t<\/div>\n\t\t\t\t<\/div>\n\t\t\t\t\t<\/div>\n\t\t<\/div>\n\t\t\t\t\t<\/div>\n\t\t<\/section>\n\t\t\t\t\t<\/div>\n\t\t<\/div>\n\t\t\t\t\t<\/div>\n\t\t<\/section>\n\t\t\t\t<\/div>","protected":false},"excerpt":{"rendered":"<p>VOltar Informa\u00e7\u00f5es Financeiras Demonstra\u00e7\u00f5es Financeiras 2025 Relat\u00f3rio Anual da Administra\u00e7\u00e3o 2025 Demonstra\u00e7\u00f5es Financeiras 2024 Relat\u00f3rio Anual da Administra\u00e7\u00e3o 2024 Demonstra\u00e7\u00f5es Financeiras 2023 Relat\u00f3rio Anual da Administra\u00e7\u00e3o 2023<\/p>","protected":false},"author":1,"featured_media":0,"parent":0,"menu_order":0,"comment_status":"closed","ping_status":"closed","template":"elementor_header_footer","meta":{"_acf_changed":false,"footnotes":""},"tipo_de_noticias":[],"tipos_de_inovacao":[],"categoria_episodios":[],"categorias_de_vaga":[],"categoria_de_programas":[],"alfabeto_glossario":[],"categorias_de_pdf":[],"projetos_pdi":[],"class_list":["post-17790","page","type-page","status-publish","hentry"],"acf":[],"yoast_head":"<!-- This site is optimized with the Yoast SEO plugin v25.9 - https:\/\/yoast.com\/wordpress\/plugins\/seo\/ -->\n<title>Relat\u00f3rios de Transpar\u00eancia - Informa\u00e7\u00f5es Financeiras - Jirau Energia<\/title>\n<meta name=\"robots\" content=\"index, follow, max-snippet:-1, max-image-preview:large, max-video-preview:-1\" \/>\n<link rel=\"canonical\" href=\"https:\/\/www.jirauenergia.com.br\/en\/informacoes-financeiras\/\" \/>\n<meta property=\"og:locale\" content=\"en_US\" \/>\n<meta property=\"og:type\" content=\"article\" \/>\n<meta property=\"og:title\" content=\"Relat\u00f3rios de Transpar\u00eancia - Informa\u00e7\u00f5es Financeiras - Jirau Energia\" \/>\n<meta property=\"og:description\" content=\"VOltar Informa\u00e7\u00f5es Financeiras Demonstra\u00e7\u00f5es Financeiras 2025 Relat\u00f3rio Anual da Administra\u00e7\u00e3o 2025 Demonstra\u00e7\u00f5es Financeiras 2024 Relat\u00f3rio Anual da Administra\u00e7\u00e3o 2024 Demonstra\u00e7\u00f5es Financeiras 2023 Relat\u00f3rio Anual da Administra\u00e7\u00e3o 2023\" \/>\n<meta property=\"og:url\" content=\"https:\/\/www.jirauenergia.com.br\/en\/informacoes-financeiras\/\" \/>\n<meta property=\"og:site_name\" content=\"Jirau Energia\" \/>\n<meta property=\"article:modified_time\" content=\"2026-03-16T20:02:12+00:00\" \/>\n<meta name=\"twitter:card\" content=\"summary_large_image\" \/>\n<meta name=\"twitter:label1\" content=\"Est. reading time\" \/>\n\t<meta name=\"twitter:data1\" content=\"1 minute\" \/>\n<script type=\"application\/ld+json\" class=\"yoast-schema-graph\">{\"@context\":\"https:\/\/schema.org\",\"@graph\":[{\"@type\":\"WebPage\",\"@id\":\"https:\/\/www.jirauenergia.com.br\/informacoes-financeiras\/\",\"url\":\"https:\/\/www.jirauenergia.com.br\/informacoes-financeiras\/\",\"name\":\"Relat\u00f3rios de Transpar\u00eancia - Informa\u00e7\u00f5es Financeiras - Jirau Energia\",\"isPartOf\":{\"@id\":\"https:\/\/www.jirauenergia.com.br\/#website\"},\"datePublished\":\"2024-03-28T14:20:08+00:00\",\"dateModified\":\"2026-03-16T20:02:12+00:00\",\"breadcrumb\":{\"@id\":\"https:\/\/www.jirauenergia.com.br\/informacoes-financeiras\/#breadcrumb\"},\"inLanguage\":\"en-US\",\"potentialAction\":[{\"@type\":\"ReadAction\",\"target\":[\"https:\/\/www.jirauenergia.com.br\/informacoes-financeiras\/\"]}]},{\"@type\":\"BreadcrumbList\",\"@id\":\"https:\/\/www.jirauenergia.com.br\/informacoes-financeiras\/#breadcrumb\",\"itemListElement\":[{\"@type\":\"ListItem\",\"position\":1,\"name\":\"In\u00edcio\",\"item\":\"https:\/\/www.jirauenergia.com.br\/\"},{\"@type\":\"ListItem\",\"position\":2,\"name\":\"Relat\u00f3rios de Transpar\u00eancia &#8211; Informa\u00e7\u00f5es Financeiras\"}]},{\"@type\":\"WebSite\",\"@id\":\"https:\/\/www.jirauenergia.com.br\/#website\",\"url\":\"https:\/\/www.jirauenergia.com.br\/\",\"name\":\"Jirau Energia\",\"description\":\"\",\"publisher\":{\"@id\":\"https:\/\/www.jirauenergia.com.br\/#organization\"},\"potentialAction\":[{\"@type\":\"SearchAction\",\"target\":{\"@type\":\"EntryPoint\",\"urlTemplate\":\"https:\/\/www.jirauenergia.com.br\/?s={search_term_string}\"},\"query-input\":{\"@type\":\"PropertyValueSpecification\",\"valueRequired\":true,\"valueName\":\"search_term_string\"}}],\"inLanguage\":\"en-US\"},{\"@type\":\"Organization\",\"@id\":\"https:\/\/www.jirauenergia.com.br\/#organization\",\"name\":\"Jirau Energia\",\"url\":\"https:\/\/www.jirauenergia.com.br\/\",\"logo\":{\"@type\":\"ImageObject\",\"inLanguage\":\"en-US\",\"@id\":\"https:\/\/www.jirauenergia.com.br\/#\/schema\/logo\/image\/\",\"url\":\"https:\/\/www.jirauenergia.com.br\/wp-content\/uploads\/2021\/06\/cropped-logo-jirau-energia-1-1.png\",\"contentUrl\":\"https:\/\/www.jirauenergia.com.br\/wp-content\/uploads\/2021\/06\/cropped-logo-jirau-energia-1-1.png\",\"width\":300,\"height\":86,\"caption\":\"Jirau Energia\"},\"image\":{\"@id\":\"https:\/\/www.jirauenergia.com.br\/#\/schema\/logo\/image\/\"}}]}<\/script>\n<!-- \/ Yoast SEO plugin. -->","yoast_head_json":{"title":"Relat\u00f3rios de Transpar\u00eancia - Informa\u00e7\u00f5es Financeiras - Jirau Energia","robots":{"index":"index","follow":"follow","max-snippet":"max-snippet:-1","max-image-preview":"max-image-preview:large","max-video-preview":"max-video-preview:-1"},"canonical":"https:\/\/www.jirauenergia.com.br\/en\/informacoes-financeiras\/","og_locale":"en_US","og_type":"article","og_title":"Relat\u00f3rios de Transpar\u00eancia - Informa\u00e7\u00f5es Financeiras - Jirau Energia","og_description":"VOltar Informa\u00e7\u00f5es Financeiras Demonstra\u00e7\u00f5es Financeiras 2025 Relat\u00f3rio Anual da Administra\u00e7\u00e3o 2025 Demonstra\u00e7\u00f5es Financeiras 2024 Relat\u00f3rio Anual da Administra\u00e7\u00e3o 2024 Demonstra\u00e7\u00f5es Financeiras 2023 Relat\u00f3rio Anual da Administra\u00e7\u00e3o 2023","og_url":"https:\/\/www.jirauenergia.com.br\/en\/informacoes-financeiras\/","og_site_name":"Jirau Energia","article_modified_time":"2026-03-16T20:02:12+00:00","twitter_card":"summary_large_image","twitter_misc":{"Est. reading time":"1 minute"},"schema":{"@context":"https:\/\/schema.org","@graph":[{"@type":"WebPage","@id":"https:\/\/www.jirauenergia.com.br\/informacoes-financeiras\/","url":"https:\/\/www.jirauenergia.com.br\/informacoes-financeiras\/","name":"Relat\u00f3rios de Transpar\u00eancia - Informa\u00e7\u00f5es Financeiras - Jirau Energia","isPartOf":{"@id":"https:\/\/www.jirauenergia.com.br\/#website"},"datePublished":"2024-03-28T14:20:08+00:00","dateModified":"2026-03-16T20:02:12+00:00","breadcrumb":{"@id":"https:\/\/www.jirauenergia.com.br\/informacoes-financeiras\/#breadcrumb"},"inLanguage":"en-US","potentialAction":[{"@type":"ReadAction","target":["https:\/\/www.jirauenergia.com.br\/informacoes-financeiras\/"]}]},{"@type":"BreadcrumbList","@id":"https:\/\/www.jirauenergia.com.br\/informacoes-financeiras\/#breadcrumb","itemListElement":[{"@type":"ListItem","position":1,"name":"In\u00edcio","item":"https:\/\/www.jirauenergia.com.br\/"},{"@type":"ListItem","position":2,"name":"Relat\u00f3rios de Transpar\u00eancia &#8211; Informa\u00e7\u00f5es Financeiras"}]},{"@type":"WebSite","@id":"https:\/\/www.jirauenergia.com.br\/#website","url":"https:\/\/www.jirauenergia.com.br\/","name":"JIRAU ENERGY","description":"","publisher":{"@id":"https:\/\/www.jirauenergia.com.br\/#organization"},"potentialAction":[{"@type":"SearchAction","target":{"@type":"EntryPoint","urlTemplate":"https:\/\/www.jirauenergia.com.br\/?s={search_term_string}"},"query-input":{"@type":"PropertyValueSpecification","valueRequired":true,"valueName":"search_term_string"}}],"inLanguage":"en-US"},{"@type":"Organization","@id":"https:\/\/www.jirauenergia.com.br\/#organization","name":"JIRAU ENERGY","url":"https:\/\/www.jirauenergia.com.br\/","logo":{"@type":"ImageObject","inLanguage":"en-US","@id":"https:\/\/www.jirauenergia.com.br\/#\/schema\/logo\/image\/","url":"https:\/\/www.jirauenergia.com.br\/wp-content\/uploads\/2021\/06\/cropped-logo-jirau-energia-1-1.png","contentUrl":"https:\/\/www.jirauenergia.com.br\/wp-content\/uploads\/2021\/06\/cropped-logo-jirau-energia-1-1.png","width":300,"height":86,"caption":"Jirau Energia"},"image":{"@id":"https:\/\/www.jirauenergia.com.br\/#\/schema\/logo\/image\/"}}]}},"_links":{"self":[{"href":"https:\/\/www.jirauenergia.com.br\/en\/wp-json\/wp\/v2\/pages\/17790","targetHints":{"allow":["GET"]}}],"collection":[{"href":"https:\/\/www.jirauenergia.com.br\/en\/wp-json\/wp\/v2\/pages"}],"about":[{"href":"https:\/\/www.jirauenergia.com.br\/en\/wp-json\/wp\/v2\/types\/page"}],"author":[{"embeddable":true,"href":"https:\/\/www.jirauenergia.com.br\/en\/wp-json\/wp\/v2\/users\/1"}],"replies":[{"embeddable":true,"href":"https:\/\/www.jirauenergia.com.br\/en\/wp-json\/wp\/v2\/comments?post=17790"}],"version-history":[{"count":50,"href":"https:\/\/www.jirauenergia.com.br\/en\/wp-json\/wp\/v2\/pages\/17790\/revisions"}],"predecessor-version":[{"id":19744,"href":"https:\/\/www.jirauenergia.com.br\/en\/wp-json\/wp\/v2\/pages\/17790\/revisions\/19744"}],"wp:attachment":[{"href":"https:\/\/www.jirauenergia.com.br\/en\/wp-json\/wp\/v2\/media?parent=17790"}],"wp:term":[{"taxonomy":"tipo_de_noticias","embeddable":true,"href":"https:\/\/www.jirauenergia.com.br\/en\/wp-json\/wp\/v2\/tipo_de_noticias?post=17790"},{"taxonomy":"tipos_de_inovacao","embeddable":true,"href":"https:\/\/www.jirauenergia.com.br\/en\/wp-json\/wp\/v2\/tipos_de_inovacao?post=17790"},{"taxonomy":"categoria_episodios","embeddable":true,"href":"https:\/\/www.jirauenergia.com.br\/en\/wp-json\/wp\/v2\/categoria_episodios?post=17790"},{"taxonomy":"categorias_de_vaga","embeddable":true,"href":"https:\/\/www.jirauenergia.com.br\/en\/wp-json\/wp\/v2\/categorias_de_vaga?post=17790"},{"taxonomy":"categoria_de_programas","embeddable":true,"href":"https:\/\/www.jirauenergia.com.br\/en\/wp-json\/wp\/v2\/categoria_de_programas?post=17790"},{"taxonomy":"alfabeto_glossario","embeddable":true,"href":"https:\/\/www.jirauenergia.com.br\/en\/wp-json\/wp\/v2\/alfabeto_glossario?post=17790"},{"taxonomy":"categorias_de_pdf","embeddable":true,"href":"https:\/\/www.jirauenergia.com.br\/en\/wp-json\/wp\/v2\/categorias_de_pdf?post=17790"},{"taxonomy":"projetos_pdi","embeddable":true,"href":"https:\/\/www.jirauenergia.com.br\/en\/wp-json\/wp\/v2\/projetos_pdi?post=17790"}],"curies":[{"name":"wp","href":"https:\/\/api.w.org\/{rel}","templated":true}]}}